{"id":7901,"date":"2026-03-09T15:35:31","date_gmt":"2026-03-09T15:35:31","guid":{"rendered":"https:\/\/www.barbecuebroilking.be\/product\/broil-king-grille-en-fonte-emaillee-regal-imperial\/"},"modified":"2026-03-10T13:59:30","modified_gmt":"2026-03-10T13:59:30","slug":"broil-king-grille-en-fonte-emaillee-regal-imperial","status":"publish","type":"product","link":"https:\/\/www.barbecuebroilking.be\/fr\/produit\/broil-king-grille-en-fonte-emaillee-regal-imperial\/","title":{"rendered":"BROIL KING GRILLE EN FONTE \u00c9MAILL\u00c9E REGAL, IMPERIAL"},"content":{"rendered":"<p>Grille de cuisson en fonte \u00e9maill\u00e9e r\u00e9versible. Un c\u00f4t\u00e9 pointu pour bien marquer les steaks et un c\u00f4t\u00e9 incurv\u00e9 pour diffuser les jus de cuisson et rendre votre viande tr\u00e8s tendre.<\/p>\n","protected":false},"excerpt":{"rendered":"<p>Grille de cuisson en fonte \u00e9maill\u00e9e r\u00e9versible. Un c\u00f4t\u00e9 pointu pour bien marquer les steaks et un c\u00f4t\u00e9 incurv\u00e9 pour diffuser les jus de cuisson et rendre votre viande tr\u00e8s tendre.<\/p>\n","protected":false},"featured_media":5895,"template":"","meta":{"_acf_changed":false,"_seopress_robots_primary_cat":"","_seopress_titles_title":"","_seopress_titles_desc":"","_seopress_robots_index":"","_et_pb_use_builder":"","_et_pb_old_content":"","_et_gb_content_width":""},"product_brand":[],"product_cat":[239,266],"product_tag":[],"class_list":{"0":"post-7901","1":"product","2":"type-product","3":"status-publish","4":"has-post-thumbnail","6":"product_cat-accessoires-fr","7":"product_cat-pieces-de-rechange","9":"first","10":"instock","11":"taxable","12":"shipping-taxable","13":"purchasable","14":"product-type-simple"},"acf":[],"_links":{"self":[{"href":"https:\/\/www.barbecuebroilking.be\/fr\/wp-json\/wp\/v2\/product\/7901","targetHints":{"allow":["GET"]}}],"collection":[{"href":"https:\/\/www.barbecuebroilking.be\/fr\/wp-json\/wp\/v2\/product"}],"about":[{"href":"https:\/\/www.barbecuebroilking.be\/fr\/wp-json\/wp\/v2\/types\/product"}],"wp:featuredmedia":[{"embeddable":true,"href":"https:\/\/www.barbecuebroilking.be\/fr\/wp-json\/wp\/v2\/media\/5895"}],"wp:attachment":[{"href":"https:\/\/www.barbecuebroilking.be\/fr\/wp-json\/wp\/v2\/media?parent=7901"}],"wp:term":[{"taxonomy":"product_brand","embeddable":true,"href":"https:\/\/www.barbecuebroilking.be\/fr\/wp-json\/wp\/v2\/product_brand?post=7901"},{"taxonomy":"product_cat","embeddable":true,"href":"https:\/\/www.barbecuebroilking.be\/fr\/wp-json\/wp\/v2\/product_cat?post=7901"},{"taxonomy":"product_tag","embeddable":true,"href":"https:\/\/www.barbecuebroilking.be\/fr\/wp-json\/wp\/v2\/product_tag?post=7901"}],"curies":[{"name":"wp","href":"https:\/\/api.w.org\/{rel}","templated":true}]}}