{"id":7833,"date":"2026-03-09T15:35:44","date_gmt":"2026-03-09T15:35:44","guid":{"rendered":"https:\/\/www.barbecuebroilking.be\/product\/broil-king-set-de-3-recuperateurs-de-graisse-en-aluminium\/"},"modified":"2026-03-10T13:59:45","modified_gmt":"2026-03-10T13:59:45","slug":"broil-king-set-de-3-recuperateurs-de-graisse-en-aluminium","status":"publish","type":"product","link":"https:\/\/www.barbecuebroilking.be\/fr\/produit\/broil-king-set-de-3-recuperateurs-de-graisse-en-aluminium\/","title":{"rendered":"BROIL KING SET DE 3 RECUPERATEURS DE GRAISSE EN ALUMINIUM"},"content":{"rendered":"<p>Lot de 3 barquettes en aluminium. Id\u00e9al pour pr\u00e9parer vos marinades ou r\u00e9cup\u00e9rer les jus de cuisson. Dimensions : 26 x 32,4 x H3,8 cm.<\/p>\n","protected":false},"excerpt":{"rendered":"<p>Lot de 3 barquettes en aluminium. Id\u00e9al pour pr\u00e9parer vos marinades ou r\u00e9cup\u00e9rer les jus de cuisson. Dimensions : 26 x 32,4 x H3,8 cm.<\/p>\n","protected":false},"featured_media":5995,"template":"","meta":{"_acf_changed":false,"_seopress_robots_primary_cat":"","_seopress_titles_title":"","_seopress_titles_desc":"","_seopress_robots_index":"","_et_pb_use_builder":"","_et_pb_old_content":"","_et_gb_content_width":""},"product_brand":[],"product_cat":[241],"product_tag":[],"class_list":{"0":"post-7833","1":"product","2":"type-product","3":"status-publish","4":"has-post-thumbnail","6":"product_cat-accessoires-do-more","8":"first","9":"instock","10":"taxable","11":"shipping-taxable","12":"purchasable","13":"product-type-simple"},"acf":[],"_links":{"self":[{"href":"https:\/\/www.barbecuebroilking.be\/fr\/wp-json\/wp\/v2\/product\/7833","targetHints":{"allow":["GET"]}}],"collection":[{"href":"https:\/\/www.barbecuebroilking.be\/fr\/wp-json\/wp\/v2\/product"}],"about":[{"href":"https:\/\/www.barbecuebroilking.be\/fr\/wp-json\/wp\/v2\/types\/product"}],"wp:featuredmedia":[{"embeddable":true,"href":"https:\/\/www.barbecuebroilking.be\/fr\/wp-json\/wp\/v2\/media\/5995"}],"wp:attachment":[{"href":"https:\/\/www.barbecuebroilking.be\/fr\/wp-json\/wp\/v2\/media?parent=7833"}],"wp:term":[{"taxonomy":"product_brand","embeddable":true,"href":"https:\/\/www.barbecuebroilking.be\/fr\/wp-json\/wp\/v2\/product_brand?post=7833"},{"taxonomy":"product_cat","embeddable":true,"href":"https:\/\/www.barbecuebroilking.be\/fr\/wp-json\/wp\/v2\/product_cat?post=7833"},{"taxonomy":"product_tag","embeddable":true,"href":"https:\/\/www.barbecuebroilking.be\/fr\/wp-json\/wp\/v2\/product_tag?post=7833"}],"curies":[{"name":"wp","href":"https:\/\/api.w.org\/{rel}","templated":true}]}}