{"id":7826,"date":"2026-03-09T15:35:44","date_gmt":"2026-03-09T15:35:44","guid":{"rendered":"https:\/\/www.barbecuebroilking.be\/product\/broil-king-kit-de-bruleur-lateral-infrarouge\/"},"modified":"2026-03-10T14:05:59","modified_gmt":"2026-03-10T14:05:59","slug":"broil-king-kit-de-bruleur-lateral-infrarouge","status":"publish","type":"product","link":"https:\/\/www.barbecuebroilking.be\/fr\/produit\/broil-king-kit-de-bruleur-lateral-infrarouge\/","title":{"rendered":"BROIL KING KIT DE BRULEUR LATERAL INFRAROUGE"},"content":{"rendered":"<p>Ce br\u00fbleur Infrarouge est con\u00e7u pour focaliser la flamme de gaz sur le carreau c\u00e9ramique compos\u00e9 de milliers de trous. Ceci convertit la chaleur de la flamme en \u00e9nergie infrarouge, avec une temp\u00e9rature pouvant atteindre plus de 900 \u00b0 C. Broil King\u00ae a cr\u00e9\u00e9 un r\u00e9chaud lat\u00e9ral Infrarouge PREMIUM incluant une grille de cuisson en acier inoxydable de qualit\u00e9 professionnelle r\u00e9glable en hauteur, dot\u00e9 d\u2019un r\u00e9cup\u00e9rateur de graisse escamotable. La technologie Infrarouge est plus \u00e9conome en gaz, atteint des temp\u00e9ratures tr\u00e8s hautes et est plus performante pour saisir la viande. Voici une excellente option pour compl\u00e9ter les performances l\u00e9gendaires de votre barbecue Broil King\u00ae. Surface de r\u00f4tissage : 30,5 x 26,5 cm Con\u00e7u pour les mod\u00e8les Imperial\u2122 \/ Regal\u2122 \/ Baron\u2122 \u00e9quip\u00e9s d&rsquo;un br\u00fbleur lat\u00e9ral standard.<\/p>\n","protected":false},"excerpt":{"rendered":"<p>Ce br\u00fbleur Infrarouge est con\u00e7u pour focaliser la flamme de gaz sur le carreau c\u00e9ramique compos\u00e9 de milliers de trous. Ceci convertit la chaleur de la flamme en \u00e9nergie infrarouge, avec une temp\u00e9rature pouvant atteindre plus de 900 \u00b0 C. Broil King\u00ae a cr\u00e9\u00e9 un r\u00e9chaud lat\u00e9ral Infrarouge PREMIUM incluant une grille de cuisson en [&hellip;]<\/p>\n","protected":false},"featured_media":5979,"template":"","meta":{"_acf_changed":false,"_seopress_robots_primary_cat":"","_seopress_titles_title":"","_seopress_titles_desc":"","_seopress_robots_index":"","_et_pb_use_builder":"","_et_pb_old_content":"","_et_gb_content_width":""},"product_brand":[],"product_cat":[241],"product_tag":[],"class_list":{"0":"post-7826","1":"product","2":"type-product","3":"status-publish","4":"has-post-thumbnail","6":"product_cat-accessoires-do-more","8":"first","9":"instock","10":"taxable","11":"shipping-taxable","12":"purchasable","13":"product-type-simple"},"acf":[],"_links":{"self":[{"href":"https:\/\/www.barbecuebroilking.be\/fr\/wp-json\/wp\/v2\/product\/7826","targetHints":{"allow":["GET"]}}],"collection":[{"href":"https:\/\/www.barbecuebroilking.be\/fr\/wp-json\/wp\/v2\/product"}],"about":[{"href":"https:\/\/www.barbecuebroilking.be\/fr\/wp-json\/wp\/v2\/types\/product"}],"wp:featuredmedia":[{"embeddable":true,"href":"https:\/\/www.barbecuebroilking.be\/fr\/wp-json\/wp\/v2\/media\/5979"}],"wp:attachment":[{"href":"https:\/\/www.barbecuebroilking.be\/fr\/wp-json\/wp\/v2\/media?parent=7826"}],"wp:term":[{"taxonomy":"product_brand","embeddable":true,"href":"https:\/\/www.barbecuebroilking.be\/fr\/wp-json\/wp\/v2\/product_brand?post=7826"},{"taxonomy":"product_cat","embeddable":true,"href":"https:\/\/www.barbecuebroilking.be\/fr\/wp-json\/wp\/v2\/product_cat?post=7826"},{"taxonomy":"product_tag","embeddable":true,"href":"https:\/\/www.barbecuebroilking.be\/fr\/wp-json\/wp\/v2\/product_tag?post=7826"}],"curies":[{"name":"wp","href":"https:\/\/api.w.org\/{rel}","templated":true}]}}