{"id":7689,"date":"2026-03-09T15:36:24","date_gmt":"2026-03-09T15:36:24","guid":{"rendered":"https:\/\/www.barbecuebroilking.be\/product\/broil-king-set-ustensiles-premium-4-pcs\/"},"modified":"2026-03-10T13:59:41","modified_gmt":"2026-03-10T13:59:41","slug":"broil-king-set-ustensiles-premium-4-pcs","status":"publish","type":"product","link":"https:\/\/www.barbecuebroilking.be\/fr\/produit\/broil-king-set-ustensiles-premium-4-pcs\/","title":{"rendered":"BROIL KING SET USTENSILES PREMIUM 4 PCS"},"content":{"rendered":"<p>Le set accessoires premium de Broil King\u2122 est compos\u00e9 de 4 pi\u00e8ces d\u2019une conception durable et robuste pour les amateurs de barbecues les plus exigeants. Chaque accessoire est fabriqu\u00e9 en une seule pi\u00e8ce en acier inoxydable avec poign\u00e9e en r\u00e9sine haute densit\u00e9. Le set comprend une spatule, une pince avec syst\u00e8me de blocage, un pinceau silicone et une brosse de nettoyage.<\/p>\n","protected":false},"excerpt":{"rendered":"<p>Le set accessoires premium de Broil King\u2122 est compos\u00e9 de 4 pi\u00e8ces d\u2019une conception durable et robuste pour les amateurs de barbecues les plus exigeants. Chaque accessoire est fabriqu\u00e9 en une seule pi\u00e8ce en acier inoxydable avec poign\u00e9e en r\u00e9sine haute densit\u00e9. Le set comprend une spatule, une pince avec syst\u00e8me de blocage, un pinceau [&hellip;]<\/p>\n","protected":false},"featured_media":6183,"template":"","meta":{"_acf_changed":false,"_seopress_robots_primary_cat":"","_seopress_titles_title":"","_seopress_titles_desc":"","_seopress_robots_index":"","_et_pb_use_builder":"","_et_pb_old_content":"","_et_gb_content_width":""},"product_brand":[],"product_cat":[239,242],"product_tag":[],"class_list":{"0":"post-7689","1":"product","2":"type-product","3":"status-publish","4":"has-post-thumbnail","6":"product_cat-accessoires-fr","7":"product_cat-outils-de-barbecue","9":"first","10":"instock","11":"taxable","12":"shipping-taxable","13":"purchasable","14":"product-type-simple"},"acf":[],"_links":{"self":[{"href":"https:\/\/www.barbecuebroilking.be\/fr\/wp-json\/wp\/v2\/product\/7689","targetHints":{"allow":["GET"]}}],"collection":[{"href":"https:\/\/www.barbecuebroilking.be\/fr\/wp-json\/wp\/v2\/product"}],"about":[{"href":"https:\/\/www.barbecuebroilking.be\/fr\/wp-json\/wp\/v2\/types\/product"}],"wp:featuredmedia":[{"embeddable":true,"href":"https:\/\/www.barbecuebroilking.be\/fr\/wp-json\/wp\/v2\/media\/6183"}],"wp:attachment":[{"href":"https:\/\/www.barbecuebroilking.be\/fr\/wp-json\/wp\/v2\/media?parent=7689"}],"wp:term":[{"taxonomy":"product_brand","embeddable":true,"href":"https:\/\/www.barbecuebroilking.be\/fr\/wp-json\/wp\/v2\/product_brand?post=7689"},{"taxonomy":"product_cat","embeddable":true,"href":"https:\/\/www.barbecuebroilking.be\/fr\/wp-json\/wp\/v2\/product_cat?post=7689"},{"taxonomy":"product_tag","embeddable":true,"href":"https:\/\/www.barbecuebroilking.be\/fr\/wp-json\/wp\/v2\/product_tag?post=7689"}],"curies":[{"name":"wp","href":"https:\/\/api.w.org\/{rel}","templated":true}]}}