{"id":7679,"date":"2026-03-09T15:36:36","date_gmt":"2026-03-09T15:36:36","guid":{"rendered":"https:\/\/www.barbecuebroilking.be\/product\/broil-king-grattoir-en-bois\/"},"modified":"2026-03-10T13:59:49","modified_gmt":"2026-03-10T13:59:49","slug":"broil-king-grattoir-en-bois","status":"publish","type":"product","link":"https:\/\/www.barbecuebroilking.be\/fr\/produit\/broil-king-grattoir-en-bois\/","title":{"rendered":"BROIL KING GRATTOIR EN BOIS"},"content":{"rendered":"<p>Une brosse \u00e0 barbecue est le moyen de nettoyage id\u00e9al, mais un grattoir est souvent mieux. Les grattoirs n\u2019ont aucun poils \u00e0 perdre et offrent aussi une performance am\u00e9lior\u00e9e avec le temps. Un grattoir peut facilement \u00e9liminer les encrassements les plus cuits, sans dommage. Grattez sur le dessus ou entre les grilles de cuisson de toute forme, sans vous soucier que cela n\u2019endommage le rev\u00eatement d\u2019\u00e9maillage. Le grattoir Broil King permet d\u2019\u00e9liminer les encrassements collants et les gros r\u00e9sidus. Utilisez-le sur le chrome, sur les sections \u00e9maill\u00e9es, sur la fonte, la fonte d\u2019acier inoxydable ou les sections d\u2019acier inoxydable.<\/p>\n","protected":false},"excerpt":{"rendered":"<p>Une brosse \u00e0 barbecue est le moyen de nettoyage id\u00e9al, mais un grattoir est souvent mieux. Les grattoirs n\u2019ont aucun poils \u00e0 perdre et offrent aussi une performance am\u00e9lior\u00e9e avec le temps. Un grattoir peut facilement \u00e9liminer les encrassements les plus cuits, sans dommage. Grattez sur le dessus ou entre les grilles de cuisson de [&hellip;]<\/p>\n","protected":false},"featured_media":6287,"template":"","meta":{"_acf_changed":false,"_seopress_robots_primary_cat":"","_seopress_titles_title":"","_seopress_titles_desc":"","_seopress_robots_index":"","_et_pb_use_builder":"","_et_pb_old_content":"","_et_gb_content_width":""},"product_brand":[],"product_cat":[239,245],"product_tag":[],"class_list":{"0":"post-7679","1":"product","2":"type-product","3":"status-publish","4":"has-post-thumbnail","6":"product_cat-accessoires-fr","7":"product_cat-produits-de-nettoyage","9":"first","10":"instock","11":"taxable","12":"shipping-taxable","13":"purchasable","14":"product-type-simple"},"acf":[],"_links":{"self":[{"href":"https:\/\/www.barbecuebroilking.be\/fr\/wp-json\/wp\/v2\/product\/7679","targetHints":{"allow":["GET"]}}],"collection":[{"href":"https:\/\/www.barbecuebroilking.be\/fr\/wp-json\/wp\/v2\/product"}],"about":[{"href":"https:\/\/www.barbecuebroilking.be\/fr\/wp-json\/wp\/v2\/types\/product"}],"wp:featuredmedia":[{"embeddable":true,"href":"https:\/\/www.barbecuebroilking.be\/fr\/wp-json\/wp\/v2\/media\/6287"}],"wp:attachment":[{"href":"https:\/\/www.barbecuebroilking.be\/fr\/wp-json\/wp\/v2\/media?parent=7679"}],"wp:term":[{"taxonomy":"product_brand","embeddable":true,"href":"https:\/\/www.barbecuebroilking.be\/fr\/wp-json\/wp\/v2\/product_brand?post=7679"},{"taxonomy":"product_cat","embeddable":true,"href":"https:\/\/www.barbecuebroilking.be\/fr\/wp-json\/wp\/v2\/product_cat?post=7679"},{"taxonomy":"product_tag","embeddable":true,"href":"https:\/\/www.barbecuebroilking.be\/fr\/wp-json\/wp\/v2\/product_tag?post=7679"}],"curies":[{"name":"wp","href":"https:\/\/api.w.org\/{rel}","templated":true}]}}