{"id":7670,"date":"2026-03-09T15:36:24","date_gmt":"2026-03-09T15:36:24","guid":{"rendered":"https:\/\/www.barbecuebroilking.be\/product\/broil-king-griffes-de-viande-en-inox\/"},"modified":"2026-03-10T13:58:38","modified_gmt":"2026-03-10T13:58:38","slug":"broil-king-griffes-de-viande-en-inox","status":"publish","type":"product","link":"https:\/\/www.barbecuebroilking.be\/fr\/produit\/broil-king-griffes-de-viande-en-inox\/","title":{"rendered":"BROIL KING GRIFFES DE VIANDE EN INOX"},"content":{"rendered":"<p>Con\u00e7ues pour durer et pour performer, ces fourches \u00e0 d\u00e9chiqueter sont con\u00e7ues pour tenir et pour effilocher les r\u00f4tis de porc, le b\u0153uf brais\u00e9 et la volaille. Elles comprennent \u00e9galement un support en silicone\/coupleur pour suspendre afin de maintenir les fourchettes ensemble pour un rangement pratique. Le support en silicone est r\u00e9sistant \u00e0 la chaleur jusqu\u2019\u00e0 260\u00b0C (500\u00b0F) et peut aller au lave-vaisselle!<\/p>\n","protected":false},"excerpt":{"rendered":"<p>Con\u00e7ues pour durer et pour performer, ces fourches \u00e0 d\u00e9chiqueter sont con\u00e7ues pour tenir et pour effilocher les r\u00f4tis de porc, le b\u0153uf brais\u00e9 et la volaille. Elles comprennent \u00e9galement un support en silicone\/coupleur pour suspendre afin de maintenir les fourchettes ensemble pour un rangement pratique. Le support en silicone est r\u00e9sistant \u00e0 la chaleur [&hellip;]<\/p>\n","protected":false},"featured_media":6243,"template":"","meta":{"_acf_changed":false,"_seopress_robots_primary_cat":"","_seopress_titles_title":"","_seopress_titles_desc":"","_seopress_robots_index":"","_et_pb_use_builder":"","_et_pb_old_content":"","_et_gb_content_width":""},"product_brand":[],"product_cat":[239,242],"product_tag":[],"class_list":{"0":"post-7670","1":"product","2":"type-product","3":"status-publish","4":"has-post-thumbnail","6":"product_cat-accessoires-fr","7":"product_cat-outils-de-barbecue","9":"first","10":"instock","11":"taxable","12":"shipping-taxable","13":"purchasable","14":"product-type-simple"},"acf":[],"_links":{"self":[{"href":"https:\/\/www.barbecuebroilking.be\/fr\/wp-json\/wp\/v2\/product\/7670","targetHints":{"allow":["GET"]}}],"collection":[{"href":"https:\/\/www.barbecuebroilking.be\/fr\/wp-json\/wp\/v2\/product"}],"about":[{"href":"https:\/\/www.barbecuebroilking.be\/fr\/wp-json\/wp\/v2\/types\/product"}],"wp:featuredmedia":[{"embeddable":true,"href":"https:\/\/www.barbecuebroilking.be\/fr\/wp-json\/wp\/v2\/media\/6243"}],"wp:attachment":[{"href":"https:\/\/www.barbecuebroilking.be\/fr\/wp-json\/wp\/v2\/media?parent=7670"}],"wp:term":[{"taxonomy":"product_brand","embeddable":true,"href":"https:\/\/www.barbecuebroilking.be\/fr\/wp-json\/wp\/v2\/product_brand?post=7670"},{"taxonomy":"product_cat","embeddable":true,"href":"https:\/\/www.barbecuebroilking.be\/fr\/wp-json\/wp\/v2\/product_cat?post=7670"},{"taxonomy":"product_tag","embeddable":true,"href":"https:\/\/www.barbecuebroilking.be\/fr\/wp-json\/wp\/v2\/product_tag?post=7670"}],"curies":[{"name":"wp","href":"https:\/\/api.w.org\/{rel}","templated":true}]}}