{"id":7628,"date":"2026-03-09T15:36:47","date_gmt":"2026-03-09T15:36:47","guid":{"rendered":"https:\/\/www.barbecuebroilking.be\/product\/broil-king-housse-premium-royal-monarch-crown-300\/"},"modified":"2026-03-10T13:58:55","modified_gmt":"2026-03-10T13:58:55","slug":"broil-king-housse-premium-royal-monarch-crown-300","status":"publish","type":"product","link":"https:\/\/www.barbecuebroilking.be\/fr\/produit\/broil-king-housse-premium-royal-monarch-crown-300\/","title":{"rendered":"BROIL KING HOUSSE PREMIUM ROYAL. MONARCH, CROWN 300"},"content":{"rendered":"<p>Les housses Premium\u2122 de protection Broil King\u00ae sont faites de polyester tiss\u00e9 r\u00e9sistant et d\u2019un rev\u00eatement r\u00e9sistant \u00e0 l\u2019eau en PVC. Elles sont dot\u00e9es d\u2019un syst\u00e8me d\u2019a\u00e9ration \u00e0 mailles pour une meilleure circulation de l\u2019air et une plus grande r\u00e9sistance \u00e0 l\u2019humidit\u00e9, ainsi que de sangles de fermeture pour son ajustement. Les housses sont faciles \u00e0 retirer gr\u00e2ce \u00e0 leurs poign\u00e9es en caoutchouc moul\u00e9. La housse de protection Premium\u2122 68470 est sp\u00e9cialement con\u00e7ue pour les Barbecues Broil King des gammes Baron\u2122, Monarch\u2122, Royal\u2122 et Crown\u2122 3 br\u00fbleurs. Dimensions : 129 x 58 x H 117 cm<\/p>\n","protected":false},"excerpt":{"rendered":"<p>Les housses Premium\u2122 de protection Broil King\u00ae sont faites de polyester tiss\u00e9 r\u00e9sistant et d\u2019un rev\u00eatement r\u00e9sistant \u00e0 l\u2019eau en PVC. Elles sont dot\u00e9es d\u2019un syst\u00e8me d\u2019a\u00e9ration \u00e0 mailles pour une meilleure circulation de l\u2019air et une plus grande r\u00e9sistance \u00e0 l\u2019humidit\u00e9, ainsi que de sangles de fermeture pour son ajustement. Les housses sont faciles [&hellip;]<\/p>\n","protected":false},"featured_media":4074,"template":"","meta":{"_acf_changed":false,"_seopress_robots_primary_cat":"","_seopress_titles_title":"","_seopress_titles_desc":"","_seopress_robots_index":"","_et_pb_use_builder":"","_et_pb_old_content":"","_et_gb_content_width":""},"product_brand":[],"product_cat":[239,243],"product_tag":[],"class_list":{"0":"post-7628","1":"product","2":"type-product","3":"status-publish","4":"has-post-thumbnail","6":"product_cat-accessoires-fr","7":"product_cat-housses-de-protection","9":"first","10":"instock","11":"taxable","12":"shipping-taxable","13":"purchasable","14":"product-type-simple"},"acf":[],"_links":{"self":[{"href":"https:\/\/www.barbecuebroilking.be\/fr\/wp-json\/wp\/v2\/product\/7628","targetHints":{"allow":["GET"]}}],"collection":[{"href":"https:\/\/www.barbecuebroilking.be\/fr\/wp-json\/wp\/v2\/product"}],"about":[{"href":"https:\/\/www.barbecuebroilking.be\/fr\/wp-json\/wp\/v2\/types\/product"}],"wp:featuredmedia":[{"embeddable":true,"href":"https:\/\/www.barbecuebroilking.be\/fr\/wp-json\/wp\/v2\/media\/4074"}],"wp:attachment":[{"href":"https:\/\/www.barbecuebroilking.be\/fr\/wp-json\/wp\/v2\/media?parent=7628"}],"wp:term":[{"taxonomy":"product_brand","embeddable":true,"href":"https:\/\/www.barbecuebroilking.be\/fr\/wp-json\/wp\/v2\/product_brand?post=7628"},{"taxonomy":"product_cat","embeddable":true,"href":"https:\/\/www.barbecuebroilking.be\/fr\/wp-json\/wp\/v2\/product_cat?post=7628"},{"taxonomy":"product_tag","embeddable":true,"href":"https:\/\/www.barbecuebroilking.be\/fr\/wp-json\/wp\/v2\/product_tag?post=7628"}],"curies":[{"name":"wp","href":"https:\/\/api.w.org\/{rel}","templated":true}]}}