{"id":13084,"date":"2026-03-10T13:48:35","date_gmt":"2026-03-10T13:48:35","guid":{"rendered":"https:\/\/www.barbecuebroilking.be\/product\/broil-king-regal-590-2\/"},"modified":"2026-03-10T13:48:35","modified_gmt":"2026-03-10T13:48:35","slug":"broil-king-regal-590-2","status":"publish","type":"product","link":"https:\/\/www.barbecuebroilking.be\/fr\/produit\/broil-king-regal-590-2\/","title":{"rendered":"BROIL KING REGAL 590"},"content":{"rendered":"<p>Le barbecue Broil King\u00ae Regal\u2122 590 est \u00e9quip\u00e9 de 5 grilles de cuisson r\u00e9versibles en fonte et d&rsquo;une grille de maintien au chaud en acier inoxydable. Les 5 br\u00fbleurs Dual-Tube\u2122 (en acier inoxydable) chauffent le four. Les distributeurs de chaleur Flav-R-Wave\u2122 int\u00e9gr\u00e9s en acier inoxydable vous offrent la v\u00e9ritable saveur de barbecue de Broil King\u00ae. Pour plus de confort, la poign\u00e9e est \u00e9quip\u00e9e d&rsquo;un \u00e9clairage LED. Le chariot roulant est \u00e9quip\u00e9 de tables lat\u00e9rales fixes en acier inoxydable avec porte-\u00e9pices et porte-ustensiles, de boutons de commande avec \u00e9clairage et de roues pivotantes avec freins \u00e9quip\u00e9es du syst\u00e8me Level-Q\u2122 qui permet de mettre le barbecue \u00e0 niveau sur des surfaces irr\u00e9guli\u00e8res. Le tout sur un chariot en acier avec un espace pour ranger votre bouteille de gaz (jusqu&rsquo;\u00e0 13 kg). Un br\u00fbleur lat\u00e9ral et un br\u00fbleur arri\u00e8re avec un jeu de broches \u00e0 r\u00f4tir compl\u00e8tent le barbecue.<\/p>\n","protected":false},"excerpt":{"rendered":"<p>Le barbecue Broil King\u00ae Regal\u2122 590 est \u00e9quip\u00e9 de 5 grilles de cuisson r\u00e9versibles en fonte et d&rsquo;une grille de maintien au chaud en acier inoxydable. Les 5 br\u00fbleurs Dual-Tube\u2122 (en acier inoxydable) chauffent le four. Les distributeurs de chaleur Flav-R-Wave\u2122 int\u00e9gr\u00e9s en acier inoxydable vous offrent la v\u00e9ritable saveur de barbecue de Broil King\u00ae. [&hellip;]<\/p>\n","protected":false},"featured_media":5232,"template":"","meta":{"_acf_changed":false,"_seopress_robots_primary_cat":"","_seopress_titles_title":"","_seopress_titles_desc":"","_seopress_robots_index":"","_et_pb_use_builder":"","_et_pb_old_content":"","_et_gb_content_width":""},"product_brand":[],"product_cat":[221,222,234],"product_tag":[],"class_list":{"0":"post-13084","1":"product","2":"type-product","3":"status-publish","4":"has-post-thumbnail","6":"product_cat-barbecues-fr","7":"product_cat-gaz","8":"product_cat-regal-fr","9":"pa_kleur-noir","10":"pa_type-braadrooster-fonte-reversible","11":"pa_wielen-oui","13":"first","14":"instock","15":"taxable","16":"shipping-taxable","17":"purchasable","18":"product-type-simple"},"acf":[],"_links":{"self":[{"href":"https:\/\/www.barbecuebroilking.be\/fr\/wp-json\/wp\/v2\/product\/13084","targetHints":{"allow":["GET"]}}],"collection":[{"href":"https:\/\/www.barbecuebroilking.be\/fr\/wp-json\/wp\/v2\/product"}],"about":[{"href":"https:\/\/www.barbecuebroilking.be\/fr\/wp-json\/wp\/v2\/types\/product"}],"wp:featuredmedia":[{"embeddable":true,"href":"https:\/\/www.barbecuebroilking.be\/fr\/wp-json\/wp\/v2\/media\/5232"}],"wp:attachment":[{"href":"https:\/\/www.barbecuebroilking.be\/fr\/wp-json\/wp\/v2\/media?parent=13084"}],"wp:term":[{"taxonomy":"product_brand","embeddable":true,"href":"https:\/\/www.barbecuebroilking.be\/fr\/wp-json\/wp\/v2\/product_brand?post=13084"},{"taxonomy":"product_cat","embeddable":true,"href":"https:\/\/www.barbecuebroilking.be\/fr\/wp-json\/wp\/v2\/product_cat?post=13084"},{"taxonomy":"product_tag","embeddable":true,"href":"https:\/\/www.barbecuebroilking.be\/fr\/wp-json\/wp\/v2\/product_tag?post=13084"}],"curies":[{"name":"wp","href":"https:\/\/api.w.org\/{rel}","templated":true}]}}