{"id":13082,"date":"2026-03-10T13:48:49","date_gmt":"2026-03-10T13:48:49","guid":{"rendered":"https:\/\/www.barbecuebroilking.be\/product\/broil-king-royal-320-shadow-2\/"},"modified":"2026-03-10T13:48:49","modified_gmt":"2026-03-10T13:48:49","slug":"broil-king-royal-320-shadow-2","status":"publish","type":"product","link":"https:\/\/www.barbecuebroilking.be\/fr\/produit\/broil-king-royal-320-shadow-2\/","title":{"rendered":"BROIL KING ROYAL 320 SHADOW"},"content":{"rendered":"<p>Le barbecue \u00e0 gaz Broil King\u2122 Royal\u2122 320 SHADOW est \u00e9quip\u00e9 de 3 br\u00fbleurs Dual-Tube \u00e0 double flamme en acier inoxydable, de grilles de cuisson r\u00e9versibles en fonte \u00e9maill\u00e9e, d&rsquo;une grille de r\u00e9chauffage chrom\u00e9e, de distributeurs de chaleur Flav-R-Wave\u2122 et d&rsquo;un allumage \u00e9lectronique. La baignoire est en fonte d&rsquo;aluminium. Le Royal\u2122 320 propose des tables lat\u00e9rales rabattables en acier laqu\u00e9 et un chariot ferm\u00e9 avec un espace pour la bouteille de gaz. La console noire lui conf\u00e8re un aspect chic !<\/p>\n","protected":false},"excerpt":{"rendered":"<p>Le barbecue \u00e0 gaz Broil King\u2122 Royal\u2122 320 SHADOW est \u00e9quip\u00e9 de 3 br\u00fbleurs Dual-Tube \u00e0 double flamme en acier inoxydable, de grilles de cuisson r\u00e9versibles en fonte \u00e9maill\u00e9e, d&rsquo;une grille de r\u00e9chauffage chrom\u00e9e, de distributeurs de chaleur Flav-R-Wave\u2122 et d&rsquo;un allumage \u00e9lectronique. La baignoire est en fonte d&rsquo;aluminium. Le Royal\u2122 320 propose des tables [&hellip;]<\/p>\n","protected":false},"featured_media":13196,"template":"","meta":{"_acf_changed":false,"_seopress_robots_primary_cat":"","_seopress_titles_title":"","_seopress_titles_desc":"","_seopress_robots_index":"","_et_pb_use_builder":"","_et_pb_old_content":"","_et_gb_content_width":""},"product_brand":[],"product_cat":[221,222,225],"product_tag":[],"class_list":{"0":"post-13082","1":"product","2":"type-product","3":"status-publish","4":"has-post-thumbnail","6":"product_cat-barbecues-fr","7":"product_cat-gaz","8":"product_cat-royal-fr","9":"pa_kleur-noir","10":"pa_type-braadrooster-fonte-reversible","11":"pa_wielen-oui","13":"first","14":"instock","15":"taxable","16":"shipping-taxable","17":"purchasable","18":"product-type-simple"},"acf":[],"_links":{"self":[{"href":"https:\/\/www.barbecuebroilking.be\/fr\/wp-json\/wp\/v2\/product\/13082","targetHints":{"allow":["GET"]}}],"collection":[{"href":"https:\/\/www.barbecuebroilking.be\/fr\/wp-json\/wp\/v2\/product"}],"about":[{"href":"https:\/\/www.barbecuebroilking.be\/fr\/wp-json\/wp\/v2\/types\/product"}],"wp:featuredmedia":[{"embeddable":true,"href":"https:\/\/www.barbecuebroilking.be\/fr\/wp-json\/wp\/v2\/media\/13196"}],"wp:attachment":[{"href":"https:\/\/www.barbecuebroilking.be\/fr\/wp-json\/wp\/v2\/media?parent=13082"}],"wp:term":[{"taxonomy":"product_brand","embeddable":true,"href":"https:\/\/www.barbecuebroilking.be\/fr\/wp-json\/wp\/v2\/product_brand?post=13082"},{"taxonomy":"product_cat","embeddable":true,"href":"https:\/\/www.barbecuebroilking.be\/fr\/wp-json\/wp\/v2\/product_cat?post=13082"},{"taxonomy":"product_tag","embeddable":true,"href":"https:\/\/www.barbecuebroilking.be\/fr\/wp-json\/wp\/v2\/product_tag?post=13082"}],"curies":[{"name":"wp","href":"https:\/\/api.w.org\/{rel}","templated":true}]}}