{"id":13073,"date":"2026-03-10T13:48:35","date_gmt":"2026-03-10T13:48:35","guid":{"rendered":"https:\/\/www.barbecuebroilking.be\/product\/broil-king-baron-s590-ir-2\/"},"modified":"2026-03-10T13:48:35","modified_gmt":"2026-03-10T13:48:35","slug":"broil-king-baron-s590-ir-2","status":"publish","type":"product","link":"https:\/\/www.barbecuebroilking.be\/fr\/produit\/broil-king-baron-s590-ir-2\/","title":{"rendered":"BROIL KING BARON S590 IR"},"content":{"rendered":"<p>Le barbecue Broil King\u2122 Baron\u2122 S 590 IR poss\u00e8de 5 grilles de cuisson r\u00e9versibles en fonte. Les 5 br\u00fbleurs Dual-Tube\u2122 en acier inoxydable fournissent une chaleur suffisante et le bo\u00eetier Therma-Cast\u2122 en aluminium moul\u00e9 conserve la chaleur \u00e0 l&rsquo;int\u00e9rieur pour une r\u00e9partition plus homog\u00e8ne de la chaleur et de meilleurs r\u00e9sultats de cuisson. Le thermom\u00e8tre situ\u00e9 dans le couvercle du barbecue vous indique la temp\u00e9rature de votre barbecue. Les br\u00fbleurs s&rsquo;allument rapidement et facilement gr\u00e2ce au syst\u00e8me d&rsquo;allumage \u00e9lectronique Sure Lite\u2122. Les distributeurs de chaleur Flav-R-Wave\u2122 en acier inoxydable vous offrent la v\u00e9ritable saveur de barbecue de Broil King\u00ae. Ce mod\u00e8le tr\u00e8s complet est \u00e9galement \u00e9quip\u00e9 d&rsquo;un br\u00fbleur arri\u00e8re avec un ensemble r\u00f4tissoire premium (r\u00f4tissoire et moteur), ainsi que d&rsquo;un br\u00fbleur lat\u00e9ral infrarouge qui vous permet de saisir votre viande sur le gril en acier inoxydable \u00e0 2 niveaux. En outre, ce barbecue est \u00e9quip\u00e9 de tables lat\u00e9rales rabattables et amovibles en acier inoxydable et d&rsquo;un chariot roulant \u00e0 2 portes pouvant accueillir une bouteille de gaz jusqu&rsquo;\u00e0 13 kg. Le chariot repose sur 4 roulettes pivotantes avec freins.<\/p>\n","protected":false},"excerpt":{"rendered":"<p>Le barbecue Broil King\u2122 Baron\u2122 S 590 IR poss\u00e8de 5 grilles de cuisson r\u00e9versibles en fonte. Les 5 br\u00fbleurs Dual-Tube\u2122 en acier inoxydable fournissent une chaleur suffisante et le bo\u00eetier Therma-Cast\u2122 en aluminium moul\u00e9 conserve la chaleur \u00e0 l&rsquo;int\u00e9rieur pour une r\u00e9partition plus homog\u00e8ne de la chaleur et de meilleurs r\u00e9sultats de cuisson. Le thermom\u00e8tre [&hellip;]<\/p>\n","protected":false},"featured_media":11046,"template":"","meta":{"_acf_changed":false,"_seopress_robots_primary_cat":"","_seopress_titles_title":"","_seopress_titles_desc":"","_seopress_robots_index":"","_et_pb_use_builder":"","_et_pb_old_content":"","_et_gb_content_width":""},"product_brand":[],"product_cat":[221,226,222],"product_tag":[],"class_list":{"0":"post-13073","1":"product","2":"type-product","3":"status-publish","4":"has-post-thumbnail","6":"product_cat-barbecues-fr","7":"product_cat-baron-fr","8":"product_cat-gaz","9":"pa_kleur-inox-fr","10":"pa_type-braadrooster-fonte-reversible","11":"pa_wielen-oui","13":"first","14":"instock","15":"taxable","16":"shipping-taxable","17":"purchasable","18":"product-type-simple"},"acf":[],"_links":{"self":[{"href":"https:\/\/www.barbecuebroilking.be\/fr\/wp-json\/wp\/v2\/product\/13073","targetHints":{"allow":["GET"]}}],"collection":[{"href":"https:\/\/www.barbecuebroilking.be\/fr\/wp-json\/wp\/v2\/product"}],"about":[{"href":"https:\/\/www.barbecuebroilking.be\/fr\/wp-json\/wp\/v2\/types\/product"}],"wp:featuredmedia":[{"embeddable":true,"href":"https:\/\/www.barbecuebroilking.be\/fr\/wp-json\/wp\/v2\/media\/11046"}],"wp:attachment":[{"href":"https:\/\/www.barbecuebroilking.be\/fr\/wp-json\/wp\/v2\/media?parent=13073"}],"wp:term":[{"taxonomy":"product_brand","embeddable":true,"href":"https:\/\/www.barbecuebroilking.be\/fr\/wp-json\/wp\/v2\/product_brand?post=13073"},{"taxonomy":"product_cat","embeddable":true,"href":"https:\/\/www.barbecuebroilking.be\/fr\/wp-json\/wp\/v2\/product_cat?post=13073"},{"taxonomy":"product_tag","embeddable":true,"href":"https:\/\/www.barbecuebroilking.be\/fr\/wp-json\/wp\/v2\/product_tag?post=13073"}],"curies":[{"name":"wp","href":"https:\/\/api.w.org\/{rel}","templated":true}]}}