{"id":13065,"date":"2026-03-10T13:48:49","date_gmt":"2026-03-10T13:48:49","guid":{"rendered":"https:\/\/www.barbecuebroilking.be\/product\/broil-king-regal-grill-400-2\/"},"modified":"2026-03-10T13:57:44","modified_gmt":"2026-03-10T13:57:44","slug":"broil-king-regal-grill-400-2","status":"publish","type":"product","link":"https:\/\/www.barbecuebroilking.be\/fr\/produit\/broil-king-regal-grill-400-2\/","title":{"rendered":"BROIL KING REGAL GRILL 400"},"content":{"rendered":"<p>Le barbecue au charbon de bois Regal 400 est dot\u00e9 de grilles de cuisson robustes en fonte, d&rsquo;un tiroir \u00e0 charbon de bois \u00e0 double usage, d&rsquo;un cendrier amovible et d&rsquo;amortisseurs enti\u00e8rement r\u00e9glables.<\/p>\n","protected":false},"excerpt":{"rendered":"<p>Le barbecue au charbon de bois Regal 400 est dot\u00e9 de grilles de cuisson robustes en fonte, d&rsquo;un tiroir \u00e0 charbon de bois \u00e0 double usage, d&rsquo;un cendrier amovible et d&rsquo;amortisseurs enti\u00e8rement r\u00e9glables.<\/p>\n","protected":false},"featured_media":5040,"template":"","meta":{"_acf_changed":false,"_seopress_robots_primary_cat":"","_seopress_titles_title":"","_seopress_titles_desc":"","_seopress_robots_index":"","_et_pb_use_builder":"","_et_pb_old_content":"","_et_gb_content_width":""},"product_brand":[],"product_cat":[232,230,221],"product_tag":[],"class_list":{"0":"post-13065","1":"product","2":"type-product","3":"status-publish","4":"has-post-thumbnail","6":"product_cat-charbon-de-bois","7":"product_cat-fumoirs","8":"product_cat-barbecues-fr","9":"pa_kleur-noir","10":"pa_type-braadrooster-fonte-reversible","11":"pa_wielen-oui","13":"first","14":"instock","15":"taxable","16":"shipping-taxable","17":"purchasable","18":"product-type-simple"},"acf":[],"_links":{"self":[{"href":"https:\/\/www.barbecuebroilking.be\/fr\/wp-json\/wp\/v2\/product\/13065","targetHints":{"allow":["GET"]}}],"collection":[{"href":"https:\/\/www.barbecuebroilking.be\/fr\/wp-json\/wp\/v2\/product"}],"about":[{"href":"https:\/\/www.barbecuebroilking.be\/fr\/wp-json\/wp\/v2\/types\/product"}],"wp:featuredmedia":[{"embeddable":true,"href":"https:\/\/www.barbecuebroilking.be\/fr\/wp-json\/wp\/v2\/media\/5040"}],"wp:attachment":[{"href":"https:\/\/www.barbecuebroilking.be\/fr\/wp-json\/wp\/v2\/media?parent=13065"}],"wp:term":[{"taxonomy":"product_brand","embeddable":true,"href":"https:\/\/www.barbecuebroilking.be\/fr\/wp-json\/wp\/v2\/product_brand?post=13065"},{"taxonomy":"product_cat","embeddable":true,"href":"https:\/\/www.barbecuebroilking.be\/fr\/wp-json\/wp\/v2\/product_cat?post=13065"},{"taxonomy":"product_tag","embeddable":true,"href":"https:\/\/www.barbecuebroilking.be\/fr\/wp-json\/wp\/v2\/product_tag?post=13065"}],"curies":[{"name":"wp","href":"https:\/\/api.w.org\/{rel}","templated":true}]}}