{"id":13061,"date":"2026-03-10T13:49:01","date_gmt":"2026-03-10T13:49:01","guid":{"rendered":"https:\/\/www.barbecuebroilking.be\/product\/cuisine-exterieure-broil-king-baron-590-shadow-2\/"},"modified":"2026-03-10T13:49:01","modified_gmt":"2026-03-10T13:49:01","slug":"cuisine-exterieure-broil-king-baron-590-shadow-2","status":"publish","type":"product","link":"https:\/\/www.barbecuebroilking.be\/fr\/produit\/cuisine-exterieure-broil-king-baron-590-shadow-2\/","title":{"rendered":"CUISINE EXT\u00c9RIEURE BROIL KING BARON 590 SHADOW"},"content":{"rendered":"<p>La cuisine ext\u00e9rieure Baron\u2122 590 de Broil King\u2122 se compose d&rsquo;un barbecue \u00e0 gaz Baron\u2122 Built-In\u2122 590 IR, d&rsquo;un meuble barbecue, d&rsquo;un meuble avec 1 porte et 1 tiroir, et d&rsquo;un meuble avec une porte ventil\u00e9e avec emplacement pour une bouteille de gaz.<\/p>\n<p>Les portes et les tiroirs sont \u00e9quip\u00e9s d&rsquo;un syst\u00e8me de fermeture douce, le plan de travail est en acier inoxydable, et les pieds sont r\u00e9glables en hauteur.<\/p>\n<p>L&rsquo;ensemble est en acier galvanis\u00e9 laqu\u00e9 noir, et les meubles sont finis avec des plinthes : une plinthe avant et une plinthe arri\u00e8re par unit\u00e9, plus deux plinthes lat\u00e9rales.<\/p>\n<p>La cuisine d&rsquo;ext\u00e9rieur Baron\u2122 590 est l&rsquo;ensemble parfait pour cr\u00e9er la cuisine d&rsquo;ext\u00e9rieur de vos r\u00eaves !<\/p>\n","protected":false},"excerpt":{"rendered":"<p>La cuisine ext\u00e9rieure Baron\u2122 590 de Broil King\u2122 se compose d&rsquo;un barbecue \u00e0 gaz Baron\u2122 Built-In\u2122 590 IR, d&rsquo;un meuble barbecue, d&rsquo;un meuble avec 1 porte et 1 tiroir, et d&rsquo;un meuble avec une porte ventil\u00e9e avec emplacement pour une bouteille de gaz. Les portes et les tiroirs sont \u00e9quip\u00e9s d&rsquo;un syst\u00e8me de fermeture douce, [&hellip;]<\/p>\n","protected":false},"featured_media":11075,"template":"","meta":{"_acf_changed":false,"_seopress_robots_primary_cat":"","_seopress_titles_title":"","_seopress_titles_desc":"","_seopress_robots_index":"","_et_pb_use_builder":"","_et_pb_old_content":"","_et_gb_content_width":""},"product_brand":[],"product_cat":[227],"product_tag":[],"class_list":{"0":"post-13061","1":"product","2":"type-product","3":"status-publish","4":"has-post-thumbnail","6":"product_cat-built-in","7":"pa_kleur-noir","8":"pa_type-braadrooster-fonte-reversible","10":"first","11":"instock","12":"taxable","13":"shipping-taxable","14":"purchasable","15":"product-type-simple"},"acf":[],"_links":{"self":[{"href":"https:\/\/www.barbecuebroilking.be\/fr\/wp-json\/wp\/v2\/product\/13061","targetHints":{"allow":["GET"]}}],"collection":[{"href":"https:\/\/www.barbecuebroilking.be\/fr\/wp-json\/wp\/v2\/product"}],"about":[{"href":"https:\/\/www.barbecuebroilking.be\/fr\/wp-json\/wp\/v2\/types\/product"}],"wp:featuredmedia":[{"embeddable":true,"href":"https:\/\/www.barbecuebroilking.be\/fr\/wp-json\/wp\/v2\/media\/11075"}],"wp:attachment":[{"href":"https:\/\/www.barbecuebroilking.be\/fr\/wp-json\/wp\/v2\/media?parent=13061"}],"wp:term":[{"taxonomy":"product_brand","embeddable":true,"href":"https:\/\/www.barbecuebroilking.be\/fr\/wp-json\/wp\/v2\/product_brand?post=13061"},{"taxonomy":"product_cat","embeddable":true,"href":"https:\/\/www.barbecuebroilking.be\/fr\/wp-json\/wp\/v2\/product_cat?post=13061"},{"taxonomy":"product_tag","embeddable":true,"href":"https:\/\/www.barbecuebroilking.be\/fr\/wp-json\/wp\/v2\/product_tag?post=13061"}],"curies":[{"name":"wp","href":"https:\/\/api.w.org\/{rel}","templated":true}]}}