{"id":7041,"date":"2024-01-31T08:38:41","date_gmt":"2024-01-31T08:38:41","guid":{"rendered":"https:\/\/www.barbecuebroilking.be\/mon-barbecue-connait-des-poussees-excessives-quelles-en-sont-les-causes\/"},"modified":"2024-02-07T07:58:20","modified_gmt":"2024-02-07T07:58:20","slug":"mon-barbecue-connait-des-poussees-excessives-quelles-en-sont-les-causes","status":"publish","type":"page","link":"https:\/\/www.barbecuebroilking.be\/fr\/service-client\/faq\/nettoyage-et-entretien\/mon-barbecue-connait-des-poussees-excessives-quelles-en-sont-les-causes\/","title":{"rendered":"Mon barbecue conna\u00eet des pouss\u00e9es excessives. Quelles en sont les causes ?"},"content":{"rendered":"<p>[et_pb_section fb_built=\u00a0\u00bb1&Prime; _builder_version=\u00a0\u00bb4.20.4&Prime; _dynamic_attributes=\u00a0\u00bbbackground_image\u00a0\u00bb _module_preset=\u00a0\u00bbdefault\u00a0\u00bb background_color=\u00a0\u00bb#7A7A7A\u00a0\u00bb background_image=\u00a0\u00bb@ET-DC@eyJkeW5hbWljIjp0cnVlLCJjb250ZW50IjoicG9zdF9mZWF0dXJlZF9pbWFnZSIsInNldHRpbmdzIjp7fX0=@\u00a0\u00bb height=\u00a0\u00bb50vh\u00a0\u00bb height_tablet=\u00a0\u00bb50vh\u00a0\u00bb height_phone=\u00a0\u00bb35vh\u00a0\u00bb height_last_edited=\u00a0\u00bbon|phone\u00a0\u00bb locked=\u00a0\u00bboff\u00a0\u00bb global_colors_info=\u00a0\u00bb{}\u00a0\u00bb][\/et_pb_section][et_pb_section fb_built=\u00a0\u00bb1&Prime; _builder_version=\u00a0\u00bb4.20.4&Prime; _module_preset=\u00a0\u00bbdefault\u00a0\u00bb background_color=\u00a0\u00bb#999999&Prime; custom_padding=\u00a0\u00bb0px||0px||true|false\u00a0\u00bb locked=\u00a0\u00bboff\u00a0\u00bb global_colors_info=\u00a0\u00bb{}\u00a0\u00bb][et_pb_row _builder_version=\u00a0\u00bb4.20.4&Prime; _module_preset=\u00a0\u00bbdefault\u00a0\u00bb max_width=\u00a0\u00bb70%\u00a0\u00bb custom_padding=\u00a0\u00bb1em||1em||true|false\u00a0\u00bb global_colors_info=\u00a0\u00bb{}\u00a0\u00bb][et_pb_column type=\u00a0\u00bb4_4&Prime; _builder_version=\u00a0\u00bb4.20.4&Prime; _module_preset=\u00a0\u00bbdefault\u00a0\u00bb global_colors_info=\u00a0\u00bb{}\u00a0\u00bb][et_pb_text _builder_version=\u00a0\u00bb4.20.4&Prime; _module_preset=\u00a0\u00bbdefault\u00a0\u00bb text_text_color=\u00a0\u00bb#FFFFFF\u00a0\u00bb link_text_color=\u00a0\u00bb#FFFFFF\u00a0\u00bb custom_margin=\u00a0\u00bb||||false|false\u00a0\u00bb custom_padding=\u00a0\u00bb0px||0px||false|false\u00a0\u00bb global_colors_info=\u00a0\u00bb{}\u00a0\u00bb]<\/p>\n<nav  aria-label=\"Fil d&#039;Ariane\"><ol class=\"breadcrumb\" itemscope itemtype=\"https:\/\/schema.org\/BreadcrumbList\"><li class=\"breadcrumb-item active\" aria-current=\"page\" itemprop=\"itemListElement\" itemscope itemtype=\"https:\/\/schema.org\/ListItem\"><span itemprop=\"name\">Home<\/span><meta itemprop=\"position\" content=\"1\"><\/li><\/ol><\/nav>\n<p>[\/et_pb_text][\/et_pb_column][\/et_pb_row][\/et_pb_section][et_pb_section fb_built=\u00a0\u00bb1&Prime; _builder_version=\u00a0\u00bb4.20.4&Prime; _module_preset=\u00a0\u00bbdefault\u00a0\u00bb custom_padding=\u00a0\u00bb0px||||false|false\u00a0\u00bb locked=\u00a0\u00bboff\u00a0\u00bb global_colors_info=\u00a0\u00bb{}\u00a0\u00bb][et_pb_row use_custom_gutter=\u00a0\u00bbon\u00a0\u00bb gutter_width=\u00a0\u00bb1&Prime; _builder_version=\u00a0\u00bb4.20.4&Prime; _module_preset=\u00a0\u00bbdefault\u00a0\u00bb max_width=\u00a0\u00bb70%\u00a0\u00bb border_color_bottom=\u00a0\u00bb#E9E9EB\u00a0\u00bb global_colors_info=\u00a0\u00bb{}\u00a0\u00bb][et_pb_column type=\u00a0\u00bb4_4&Prime; _builder_version=\u00a0\u00bb4.20.4&Prime; _module_preset=\u00a0\u00bbdefault\u00a0\u00bb global_colors_info=\u00a0\u00bb{}\u00a0\u00bb][et_pb_text _builder_version=\u00a0\u00bb4.20.4&Prime; _module_preset=\u00a0\u00bbdefault\u00a0\u00bb custom_margin=\u00a0\u00bb||10px||false|false\u00a0\u00bb custom_padding=\u00a0\u00bb||10px||false|false\u00a0\u00bb border_width_bottom=\u00a0\u00bb1px\u00a0\u00bb border_color_bottom=\u00a0\u00bb#E9E9EB\u00a0\u00bb global_colors_info=\u00a0\u00bb{}\u00a0\u00bb]<\/p>\n<h1>Mon barbecue conna\u00eet des pouss\u00e9es excessives. Quelle en est la cause ?<\/h1>\n<p>[\/et_pb_text][et_pb_text _builder_version=\u00a0\u00bb4.20.4&Prime; _module_preset=\u00a0\u00bbdefault\u00a0\u00bb global_colors_info=\u00a0\u00bb{}\u00a0\u00bb]<\/p>\n<p>Des particules d&rsquo;aliments peuvent entrer en contact avec les flammes chaudes du br\u00fbleur et provoquer une flamb\u00e9e. Certaines pouss\u00e9es sont normales, mais les pouss\u00e9es excessives sont g\u00e9n\u00e9ralement caus\u00e9es par une accumulation de graisse. Suivez ces \u00e9tapes simples :<\/p>\n<p>1. Lorsque le barbecue a refroidi, retirez les distributeurs de chaleur Flav-R-Wave\u2122, brossez-les \u00e0 l&rsquo;aide d&rsquo;une brosse de nettoyage en acier inoxydable, puis remettez-les en place.<\/p>\n<p>2. Veillez \u00e0 ce que le fond de la fosse du barbecue reste exempt de graisse et de r\u00e9sidus de cuisson, y compris le bac \u00e0 graisse. Pour un nettoyage en profondeur, grattez les parois et le fond de la cuve du barbecue \u00e0 l&rsquo;aide d&rsquo;un grattoir ou d&rsquo;une brosse \u00e0 barbecue, puis utilisez un aspirateur industriel pour \u00e9liminer les cendres et les salet\u00e9s.<\/p>\n<p>Si votre barbecue est \u00e9quip\u00e9 des grilles de cuisson en fonte robustes et r\u00e9versibles de Broil King, placez les grilles c\u00f4t\u00e9 canal vers le haut lorsque vous faites griller des morceaux de viande plus gras. Cela permettra de capturer et d&rsquo;\u00e9vaporer davantage de jus au niveau de la grille de cuisson. Les extr\u00e9mit\u00e9s des grilles sont fa\u00e7onn\u00e9es de mani\u00e8re \u00e0 permettre l&rsquo;\u00e9coulement des jus exc\u00e9dentaires sans provoquer de flamb\u00e9es.<\/p>\n<p>[\/et_pb_text][\/et_pb_column][\/et_pb_row][\/et_pb_section]<\/p>\n","protected":false},"excerpt":{"rendered":"<p><nav  aria-label=\"Fil d&#039;Ariane\"><ol class=\"breadcrumb\" itemscope itemtype=\"https:\/\/schema.org\/BreadcrumbList\"><li class=\"breadcrumb-item active\" aria-current=\"page\" itemprop=\"itemListElement\" itemscope itemtype=\"https:\/\/schema.org\/ListItem\"><span itemprop=\"name\">Home<\/span><meta itemprop=\"position\" content=\"1\"><\/li><\/ol><\/nav>Mon barbecue conna\u00eet des pouss\u00e9es excessives. Quelle en est la cause ?Des particules d&rsquo;aliments peuvent entrer en contact avec les flammes chaudes du br\u00fbleur et provoquer une flamb\u00e9e. Certaines pouss\u00e9es sont normales, mais les pouss\u00e9es excessives sont g\u00e9n\u00e9ralement caus\u00e9es par une accumulation de graisse. Suivez ces \u00e9tapes simples : 1. Lorsque le barbecue a refroidi, [&hellip;]<\/p>\n","protected":false},"author":3,"featured_media":815,"parent":7257,"menu_order":0,"comment_status":"closed","ping_status":"closed","template":"","meta":{"_acf_changed":false,"_seopress_robots_primary_cat":"","_seopress_titles_title":"","_seopress_titles_desc":"","_seopress_robots_index":"","_et_pb_use_builder":"on","_et_pb_old_content":"","_et_gb_content_width":"","footnotes":""},"class_list":["post-7041","page","type-page","status-publish","has-post-thumbnail","hentry"],"acf":[],"_links":{"self":[{"href":"https:\/\/www.barbecuebroilking.be\/fr\/wp-json\/wp\/v2\/pages\/7041","targetHints":{"allow":["GET"]}}],"collection":[{"href":"https:\/\/www.barbecuebroilking.be\/fr\/wp-json\/wp\/v2\/pages"}],"about":[{"href":"https:\/\/www.barbecuebroilking.be\/fr\/wp-json\/wp\/v2\/types\/page"}],"author":[{"embeddable":true,"href":"https:\/\/www.barbecuebroilking.be\/fr\/wp-json\/wp\/v2\/users\/3"}],"replies":[{"embeddable":true,"href":"https:\/\/www.barbecuebroilking.be\/fr\/wp-json\/wp\/v2\/comments?post=7041"}],"version-history":[{"count":10,"href":"https:\/\/www.barbecuebroilking.be\/fr\/wp-json\/wp\/v2\/pages\/7041\/revisions"}],"predecessor-version":[{"id":7182,"href":"https:\/\/www.barbecuebroilking.be\/fr\/wp-json\/wp\/v2\/pages\/7041\/revisions\/7182"}],"up":[{"embeddable":true,"href":"https:\/\/www.barbecuebroilking.be\/fr\/wp-json\/wp\/v2\/pages\/7257"}],"wp:featuredmedia":[{"embeddable":true,"href":"https:\/\/www.barbecuebroilking.be\/fr\/wp-json\/wp\/v2\/media\/815"}],"wp:attachment":[{"href":"https:\/\/www.barbecuebroilking.be\/fr\/wp-json\/wp\/v2\/media?parent=7041"}],"curies":[{"name":"wp","href":"https:\/\/api.w.org\/{rel}","templated":true}]}}