{"id":6892,"date":"2024-01-31T09:54:15","date_gmt":"2024-01-31T09:54:15","guid":{"rendered":"https:\/\/www.barbecuebroilking.be\/pour-commencer\/"},"modified":"2024-02-07T07:58:15","modified_gmt":"2024-02-07T07:58:15","slug":"pour-commencer","status":"publish","type":"page","link":"https:\/\/www.barbecuebroilking.be\/fr\/service-client\/ique\/pour-commencer\/","title":{"rendered":"Pour commencer"},"content":{"rendered":"<p>[et_pb_section fb_built=\u00a0\u00bb1&Prime; _builder_version=\u00a0\u00bb4.20.4&Prime; _dynamic_attributes=\u00a0\u00bbbackground_image\u00a0\u00bb _module_preset=\u00a0\u00bbdefault\u00a0\u00bb background_color=\u00a0\u00bb#7A7A7A\u00a0\u00bb background_image=\u00a0\u00bb@ET-DC@eyJkeW5hbWljIjp0cnVlLCJjb250ZW50IjoicG9zdF9mZWF0dXJlZF9pbWFnZSIsInNldHRpbmdzIjp7fX0=@\u00a0\u00bb height=\u00a0\u00bb50vh\u00a0\u00bb height_tablet=\u00a0\u00bb50vh\u00a0\u00bb height_phone=\u00a0\u00bb35vh\u00a0\u00bb height_last_edited=\u00a0\u00bbon|phone\u00a0\u00bb locked=\u00a0\u00bboff\u00a0\u00bb global_colors_info=\u00a0\u00bb{}\u00a0\u00bb][\/et_pb_section][et_pb_section fb_built=\u00a0\u00bb1&Prime; _builder_version=\u00a0\u00bb4.20.4&Prime; _module_preset=\u00a0\u00bbdefault\u00a0\u00bb background_color=\u00a0\u00bb#999999&Prime; custom_padding=\u00a0\u00bb0px||0px||true|false\u00a0\u00bb locked=\u00a0\u00bboff\u00a0\u00bb global_colors_info=\u00a0\u00bb{}\u00a0\u00bb][et_pb_row _builder_version=\u00a0\u00bb4.20.4&Prime; _module_preset=\u00a0\u00bbdefault\u00a0\u00bb custom_padding=\u00a0\u00bb1em||1em||true|false\u00a0\u00bb global_colors_info=\u00a0\u00bb{}\u00a0\u00bb][et_pb_column type=\u00a0\u00bb4_4&Prime; _builder_version=\u00a0\u00bb4.20.4&Prime; _module_preset=\u00a0\u00bbdefault\u00a0\u00bb global_colors_info=\u00a0\u00bb{}\u00a0\u00bb][et_pb_text _builder_version=\u00a0\u00bb4.20.4&Prime; _module_preset=\u00a0\u00bbdefault\u00a0\u00bb text_text_color=\u00a0\u00bb#FFFFFF\u00a0\u00bb link_text_color=\u00a0\u00bb#FFFFFF\u00a0\u00bb custom_margin=\u00a0\u00bb||||false|false\u00a0\u00bb custom_padding=\u00a0\u00bb0px||0px||false|false\u00a0\u00bb global_colors_info=\u00a0\u00bb{}\u00a0\u00bb]<\/p>\n<nav  aria-label=\"Fil d&#039;Ariane\"><ol class=\"breadcrumb\" itemscope itemtype=\"https:\/\/schema.org\/BreadcrumbList\"><li class=\"breadcrumb-item active\" aria-current=\"page\" itemprop=\"itemListElement\" itemscope itemtype=\"https:\/\/schema.org\/ListItem\"><span itemprop=\"name\">Home<\/span><meta itemprop=\"position\" content=\"1\"><\/li><\/ol><\/nav>\n<p>[\/et_pb_text][\/et_pb_column][\/et_pb_row][\/et_pb_section][et_pb_section fb_built=\u00a0\u00bb1&Prime; _builder_version=\u00a0\u00bb4.20.4&Prime; _module_preset=\u00a0\u00bbdefault\u00a0\u00bb custom_padding=\u00a0\u00bb0px||||false|false\u00a0\u00bb locked=\u00a0\u00bboff\u00a0\u00bb global_colors_info=\u00a0\u00bb{}\u00a0\u00bb][et_pb_row use_custom_gutter=\u00a0\u00bbon\u00a0\u00bb gutter_width=\u00a0\u00bb1&Prime; _builder_version=\u00a0\u00bb4.20.4&Prime; _module_preset=\u00a0\u00bbdefault\u00a0\u00bb border_color_bottom=\u00a0\u00bb#E9E9EB\u00a0\u00bb global_colors_info=\u00a0\u00bb{}\u00a0\u00bb][et_pb_column type=\u00a0\u00bb4_4&Prime; _builder_version=\u00a0\u00bb4.20.4&Prime; _module_preset=\u00a0\u00bbdefault\u00a0\u00bb global_colors_info=\u00a0\u00bb{}\u00a0\u00bb][et_pb_text _builder_version=\u00a0\u00bb4.20.4&Prime; _module_preset=\u00a0\u00bbdefault\u00a0\u00bb custom_margin=\u00a0\u00bb||20px||false|false\u00a0\u00bb custom_padding=\u00a0\u00bb||10px||false|false\u00a0\u00bb border_width_bottom=\u00a0\u00bb1px\u00a0\u00bb border_color_bottom=\u00a0\u00bb#E9E9EB\u00a0\u00bb global_colors_info=\u00a0\u00bb{}\u00a0\u00bb]<\/p>\n<h1>iQue &#8211; Mise en route<\/h1>\n<p>[\/et_pb_text][et_pb_text _builder_version=\u00a0\u00bb4.20.4&Prime; _module_preset=\u00a0\u00bbdefault\u00a0\u00bb custom_margin=\u00a0\u00bb||10px||false|false\u00a0\u00bb custom_padding=\u00a0\u00bb||10px||false|false\u00a0\u00bb border_color_bottom=\u00a0\u00bb#E9E9EB\u00a0\u00bb global_colors_info=\u00a0\u00bb{}\u00a0\u00bb]<\/p>\n<h2>Mon barbecue \u00e0 granul\u00e9s de bois iQue-powered doit-il \u00eatre raccord\u00e9 au r\u00e9seau \u00e9lectrique ?<\/h2>\n<p>Oui. Votre barbecue \u00e0 granul\u00e9s iQue-powered a besoin d&rsquo;\u00e9lectricit\u00e9 pour fonctionner.<br \/>Assurez-vous qu&rsquo;il est connect\u00e9 \u00e0 un GFI d\u00e9di\u00e9 et que rien d&rsquo;autre n&rsquo;utilise le m\u00eame circuit.<\/p>\n<h2>Ai-je besoin d&rsquo;un compte pour contr\u00f4ler mon barbecue iQue via l&rsquo;application ?<\/h2>\n<p>Oui. Il est possible d&rsquo;acc\u00e9der \u00e0 l&rsquo;\u00e9cran d&rsquo;accueil, \u00e0 l&rsquo;\u00e9quipement du barbecue, aux recettes et aux conseils sans cr\u00e9er de compte, mais pour faire fonctionner votre barbecue et acc\u00e9der aux r\u00e9glages via l&rsquo;application iQue, vous devez cr\u00e9er un compte.<\/p>\n<h2>Puis-je utiliser mes anciens identifiants de connexion \u00e0 l&rsquo;application Broil King avec la nouvelle application iQue ?<\/h2>\n<p>Vous pouvez vous connecter \u00e0 la nouvelle application Broil King iQue avec vos anciens identifiants, mais nous vous recommandons de cr\u00e9er un nouvel identifiant via un profil social tel que Facebook, Gmail ou Apple : nouvelle application, nouvel identifiant !<\/p>\n<p>En vous connectant avec l&rsquo;un de vos profils sociaux, vous n&rsquo;aurez plus de mot de passe \u00e0 retenir et vous gagnerez un temps pr\u00e9cieux sur le long terme.<\/p>\n<p>Une fois que vous vous \u00eates connect\u00e9 avec votre nouveau profil, l&rsquo;installation du barbecue est facile et ne prend pas plus de quelques minutes. Ouvrez votre application iQue, touchez l&rsquo;ic\u00f4ne iQUE en bas de l&rsquo;\u00e9cran, suivez les instructions \u00e0 l&rsquo;\u00e9cran et le tour est jou\u00e9.<\/p>\n<p>Beaucoup de plaisir au barbecue !<\/p>\n<h2>Comment ajouter un appareil iQue \u00e0 mon application ?<\/h2>\n<p>Pour ajouter un appareil \u00e0 votre liste d&rsquo;appareils iQue :<\/p>\n<p>1. Ouvrez l&rsquo;application et acc\u00e9dez \u00e0 l&rsquo;\u00e9cran HOME.<br \/>2. S\u00e9lectionnez le pictogramme iQue dans la barre inf\u00e9rieure.<br \/>3. Appuyez sur l&rsquo;ic\u00f4ne \u00ab\u00a0+\u00a0\u00bb et suivez les instructions \u00e0 l&rsquo;\u00e9cran.<\/p>\n<h2>Comment passer de \u00b0C \u00e0 \u00b0F ?<\/h2>\n<p><span>Il y a deux fa\u00e7ons de proc\u00e9der.<\/span><\/p>\n<p><span>Pour passer de \u00b0C \u00e0 \u00b0F, il suffit d&rsquo;appuyer sur l&rsquo;ic\u00f4ne SETTINGS et de la maintenir enfonc\u00e9e pendant 5 secondes. Les unit\u00e9s affich\u00e9es \u00e0 l&rsquo;\u00e9cran passent d&rsquo;une unit\u00e9 de mesure \u00e0 une autre.<\/span><\/p>\n<p><span>Vous pouvez \u00e9galement le faire dans l&rsquo;application. Dans la liste des appareils de l&rsquo;application iQue, cliquez sur l&rsquo;ic\u00f4ne PARAM\u00c8TRES dans le coin sup\u00e9rieur droit. \u00c0 partir de l\u00e0, vous pouvez facilement basculer entre \u00b0C et \u00b0F.<\/span><\/p>\n<h2>Comment modifier la temp\u00e9rature du barbecue ?<\/h2>\n<p>R\u00e9glez ou modifiez une temp\u00e9rature cible via l&rsquo;application iQue :<\/p>\n<p>1. Ouvrez l&rsquo;application et acc\u00e9dez \u00e0 l&rsquo;\u00e9cran HOME.<br \/>2. S\u00e9lectionnez le picogramme iQue dans la barre inf\u00e9rieure.<br \/>3. Dans la liste des appareils iQue, touchez le barbecue que vous souhaitez modifier.<br \/>4. Un anneau bleu appara\u00eet autour du cercle de temp\u00e9rature du barbecue.<\/p>\n<p>4A. Pour r\u00e9gler une temp\u00e9rature pr\u00e9programm\u00e9e, utilisez les touches de raccourci de la barre inf\u00e9rieure :<br \/>CHAUD = 93\u00b0C<br \/>SMOKE = 107\u00b0C<br \/>ROCHE = 176\u00b0C<br \/>GRILL = 315\u00b0C<\/p>\n<p>4B. Une temp\u00e9rature ajust\u00e9e :<br \/>Utilisez les touches + et &#8211; situ\u00e9es sous l&rsquo;affichage de la temp\u00e9rature pour augmenter\/diminuer la temp\u00e9rature.<br \/>Pour r\u00e9gler la temp\u00e9rature par incr\u00e9ments de 1\u00b0C : TIK sur les touches +\/-.<br \/>Pour augmenter\/diminuer rapidement la temp\u00e9rature : Maintenir les touches +\/- enfonc\u00e9es.<\/p>\n<p>5. Lorsque la commande est accept\u00e9e, l&rsquo;anneau bleu entourant l&rsquo;affichage de la temp\u00e9rature \u00e9met des impulsions.<br \/>6. Pour recevoir les mises \u00e0 jour de temp\u00e9rature sur votre appareil mobile, assurez-vous que les notifications de votre iQue App sont activ\u00e9es dans le menu PARAM\u00c8TRES de votre appareil intelligent.<\/p>\n<h2>Comment puis-je r\u00e9gler la temp\u00e9rature cible de mes sondes \u00e0 viande ?<\/h2>\n<p>R\u00e9glez une nouvelle temp\u00e9rature de consigne via l&rsquo;application iQue :<\/p>\n<p>1. Ouvrez l&rsquo;application et acc\u00e9dez \u00e0 l&rsquo;\u00e9cran HOME.<br \/>2. S\u00e9lectionnez l&rsquo;ic\u00f4ne iQueueue dans la barre inf\u00e9rieure.<br \/>3. Dans la liste des appareils iQue, appuyez sur les barbecues avec les sondes \u00e0 viande.<br \/>4. Effleurez le cercle \u00ab\u00a0Sonde 1\u00a0\u00bb ou \u00ab\u00a0Sonde 2\u00a0\u00bb. L&rsquo;anneau bleu devient la sonde s\u00e9lectionn\u00e9e.<\/p>\n<p>4A. Pour r\u00e9gler une temp\u00e9rature pr\u00e9programm\u00e9e, utilisez les touches de raccourci de la barre inf\u00e9rieure :<br \/>CHAUD = 93\u00b0C<br \/>SMOKE = 107\u00b0C<br \/>ROCHE = 176\u00b0C<br \/>GRILL = 315\u00b0C<\/p>\n<p>4B. Une temp\u00e9rature ajust\u00e9e :<br \/>Les touches + et &#8211; situ\u00e9es sous l&rsquo;affichage de la temp\u00e9rature permettent d&rsquo;augmenter\/diminuer la temp\u00e9rature.<br \/>Pour r\u00e9gler la temp\u00e9rature par incr\u00e9ments de 1\u00b0C : TIK sur les touches +\/-.<br \/>Pour augmenter\/diminuer rapidement la temp\u00e9rature : Maintenir les touches +\/- enfonc\u00e9es.<\/p>\n<p>5. Lorsque la commande est accept\u00e9e, l&rsquo;anneau bleu entourant l&rsquo;affichage de la temp\u00e9rature \u00e9met des impulsions.<br \/>6. Pour recevoir les mises \u00e0 jour de temp\u00e9rature sur votre appareil mobile, assurez-vous que les notifications de votre iQue App sont activ\u00e9es dans le menu PARAM\u00c8TRES de votre appareil intelligent.<\/p>\n<h2>Puis-je allumer et \u00e9teindre mon appareil iQue via l&rsquo;application iQue ?<\/h2>\n<p>Pour des raisons de s\u00e9curit\u00e9, votre barbecue ne peut pas \u00eatre allum\u00e9 via l&rsquo;application iQue.<\/p>\n<p>Il est toutefois possible de l&rsquo;\u00e9teindre !<\/p>\n<p>1. Ouvrez l&rsquo;application et acc\u00e9dez \u00e0 l&rsquo;\u00e9cran HOME.<br \/>2. S\u00e9lectionnez l&rsquo;ic\u00f4ne iQUE dans la barre inf\u00e9rieure.<br \/>3. S\u00e9lectionnez le barbecue dans la liste des appareils iQue.<br \/>4. Appuyez sur le bouton OFF dans le coin inf\u00e9rieur droit.<br \/>5. S\u00e9lectionnez \u00ab\u00a0D\u00e9sactiver\u00a0\u00bb dans la fen\u00eatre contextuelle. Cela d\u00e9clenche la m\u00eame proc\u00e9dure d&rsquo;extinction que celle que suivrait le barbecue s&rsquo;il \u00e9tait \u00e9teint manuellement sur place. Laissez votre barbecue terminer le cycle d&rsquo;arr\u00eat avant de le d\u00e9brancher.<\/p>\n<h2>Puis-je connecter plusieurs appareils mobiles au m\u00eame appareil iQue ?<\/h2>\n<p>Oui. Plusieurs appareils mobiles peuvent \u00eatre utilis\u00e9s avec le m\u00eame appareil iQue.<br \/>Par exemple, un smartphone Android et un iPad d&rsquo;Apple peuvent contr\u00f4ler le m\u00eame barbecue iQue en m\u00eame temps.<\/p>\n<h2>Pourquoi aucune notification ne s&rsquo;affiche-t-elle sur mon appareil mobile pendant la cuisson ?<\/h2>\n<p>L&rsquo;application iQue est con\u00e7ue pour alerter votre appareil mobile lorsque :<\/p>\n<p>&#8211; La temp\u00e9rature cible du thermom\u00e8tre principal a \u00e9t\u00e9 atteinte.<br \/>&#8211; La temp\u00e9rature cible d&rsquo;une sonde \u00e0 viande a \u00e9t\u00e9 atteinte<br \/>&#8211; Une minuterie est termin\u00e9e<\/p>\n<p>Si les notifications \u00e0 l&rsquo;\u00e9cran ne s&rsquo;affichent pas sur votre appareil mobile :<\/p>\n<p>1. Ouvrez l&rsquo;application iQue. Appuyez sur l&rsquo;ic\u00f4ne PROFIL dans le coin sup\u00e9rieur droit.<br \/>2. S\u00e9lectionnez \u00ab\u00a0Param\u00e8tres de notification\u00a0\u00bb.<br \/>3. Dans les param\u00e8tres de votre appareil mobile, autorisez les nouvelles connexions et activez les notifications pour l&rsquo;application iQue. Pour modifier les param\u00e8tres de notification de votre appareil mobile, recherchez en ligne les instructions sp\u00e9cifiques \u00e0 votre appareil.<\/p>\n<h2>Pourquoi les minuteries de mon application et de mon barbecue indiquent-elles des heures diff\u00e9rentes ?<\/h2>\n<p>Lors d&rsquo;une cuisson normale, il peut y avoir une diff\u00e9rence de 2 \u00e0 3 secondes entre les deux minuteries.<\/p>\n<p>M\u00eame si l&rsquo;heure n&rsquo;est pas toujours exactement la m\u00eame, cela n&rsquo;affectera en rien votre pr\u00e9paration.<\/p>\n<p>Si le d\u00e9calage horaire est sup\u00e9rieur \u00e0 une minute, v\u00e9rifiez votre connexion WiFi et les param\u00e8tres de votre t\u00e9l\u00e9phone.<\/p>\n<h2>Pourquoi ne puis-je pas voir le temps \u00e9coul\u00e9 dans l&rsquo;application iQue ?<\/h2>\n<p>Actuellement, la minuterie de votre application iQue ne peut compter que DOWN.<\/p>\n<p>Pour programmer un compte \u00e0 rebours, nous vous recommandons d&rsquo;utiliser la fonction de minuterie de votre appareil mobile.<\/p>\n<h2>Puis-je utiliser mon barbecue iQue sans l&rsquo;application ?<\/h2>\n<p>Oui. Tous les produits iQue peuvent \u00eatre utilis\u00e9s avec ou sans l&rsquo;application iQue.<\/p>\n<h2>Pourquoi ne puis-je plus voir les param\u00e8tres de mon barbecue dans l&rsquo;application ?<\/h2>\n<p>Pour r\u00e9gler les param\u00e8tres via l&rsquo;application iQue, allumez manuellement votre barbecue.<\/p>\n<h2>O\u00f9 mes donn\u00e9es seront-elles stock\u00e9es ?<\/h2>\n<p>En Am\u00e9rique du Nord, vos donn\u00e9es sont stock\u00e9es chez AWS (Amazon Web Services) \u00e0 Richmond, VA.<\/p>\n<p>[\/et_pb_text][\/et_pb_column][\/et_pb_row][\/et_pb_section]<\/p>\n","protected":false},"excerpt":{"rendered":"<p><nav  aria-label=\"Fil d&#039;Ariane\"><ol class=\"breadcrumb\" itemscope itemtype=\"https:\/\/schema.org\/BreadcrumbList\"><li class=\"breadcrumb-item active\" aria-current=\"page\" itemprop=\"itemListElement\" itemscope itemtype=\"https:\/\/schema.org\/ListItem\"><span itemprop=\"name\">Home<\/span><meta itemprop=\"position\" content=\"1\"><\/li><\/ol><\/nav>iQue &#8211; Mise en routeMon barbecue \u00e0 granul\u00e9s de bois iQue-powered doit-il \u00eatre raccord\u00e9 au r\u00e9seau \u00e9lectrique ? Oui. Votre barbecue \u00e0 granul\u00e9s iQue-powered a besoin d&rsquo;\u00e9lectricit\u00e9 pour fonctionner.Assurez-vous qu&rsquo;il est connect\u00e9 \u00e0 un GFI d\u00e9di\u00e9 et que rien d&rsquo;autre n&rsquo;utilise le m\u00eame circuit. Ai-je besoin d&rsquo;un compte pour contr\u00f4ler mon barbecue iQue via l&rsquo;application [&hellip;]<\/p>\n","protected":false},"author":3,"featured_media":956,"parent":7102,"menu_order":0,"comment_status":"closed","ping_status":"closed","template":"","meta":{"_acf_changed":false,"_seopress_robots_primary_cat":"","_seopress_titles_title":"","_seopress_titles_desc":"","_seopress_robots_index":"","_et_pb_use_builder":"on","_et_pb_old_content":"","_et_gb_content_width":"","footnotes":""},"class_list":["post-6892","page","type-page","status-publish","has-post-thumbnail","hentry"],"acf":[],"_links":{"self":[{"href":"https:\/\/www.barbecuebroilking.be\/fr\/wp-json\/wp\/v2\/pages\/6892","targetHints":{"allow":["GET"]}}],"collection":[{"href":"https:\/\/www.barbecuebroilking.be\/fr\/wp-json\/wp\/v2\/pages"}],"about":[{"href":"https:\/\/www.barbecuebroilking.be\/fr\/wp-json\/wp\/v2\/types\/page"}],"author":[{"embeddable":true,"href":"https:\/\/www.barbecuebroilking.be\/fr\/wp-json\/wp\/v2\/users\/3"}],"replies":[{"embeddable":true,"href":"https:\/\/www.barbecuebroilking.be\/fr\/wp-json\/wp\/v2\/comments?post=6892"}],"version-history":[{"count":1,"href":"https:\/\/www.barbecuebroilking.be\/fr\/wp-json\/wp\/v2\/pages\/6892\/revisions"}],"predecessor-version":[{"id":6904,"href":"https:\/\/www.barbecuebroilking.be\/fr\/wp-json\/wp\/v2\/pages\/6892\/revisions\/6904"}],"up":[{"embeddable":true,"href":"https:\/\/www.barbecuebroilking.be\/fr\/wp-json\/wp\/v2\/pages\/7102"}],"wp:featuredmedia":[{"embeddable":true,"href":"https:\/\/www.barbecuebroilking.be\/fr\/wp-json\/wp\/v2\/media\/956"}],"wp:attachment":[{"href":"https:\/\/www.barbecuebroilking.be\/fr\/wp-json\/wp\/v2\/media?parent=6892"}],"curies":[{"name":"wp","href":"https:\/\/api.w.org\/{rel}","templated":true}]}}